{"id":6081,"date":"2020-01-15T00:18:19","date_gmt":"2020-01-15T08:18:19","guid":{"rendered":"https:\/\/indigenousoutfitters.ca\/traditional-indigenous-dwellings\/"},"modified":"2020-06-30T16:18:09","modified_gmt":"2020-06-30T23:18:09","slug":"connexion-a-la-nature","status":"publish","type":"page","link":"https:\/\/indigenousoutfitters.ca\/fr\/connexion-a-la-nature\/","title":{"rendered":"Au rythme naturel de la chasse et p\u00eache"},"content":{"rendered":"<p>Les premiers peuples adh\u00e8rent \u00e0 un syst\u00e8me traditionnel dont le socle est la relation saine et respectueuse envers les autres cr\u00e9atures de la Terre-M\u00e8re. Ils ont aussi une connaissance intime de l\u2019abondance de la Nature sur la terre ferme et dans les eaux douces et sal\u00e9es.<\/p>\n","protected":false},"excerpt":{"rendered":"<p>Les premiers peuples adh\u00e8rent \u00e0 un syst\u00e8me traditionnel dont le socle est la relation saine et respectueuse envers les autres cr\u00e9atures de la Terre-M\u00e8re. Ils ont aussi une connaissance intime de l\u2019abondance de la Nature sur la terre ferme et dans les eaux douces et sal\u00e9es.<\/p>\n","protected":false},"author":20,"featured_media":7968,"parent":0,"menu_order":0,"comment_status":"closed","ping_status":"closed","template":"","meta":[],"categories":[883],"tags":[],"yoast_head":"<!-- This site is optimized with the Yoast SEO plugin v20.0 - https:\/\/yoast.com\/wordpress\/plugins\/seo\/ -->\n<title>Au rythme naturel de la chasse et p\u00eache | Indigenous Outfitters Canada<\/title>\n<meta name=\"description\" content=\"Les premiers peuples adh\u00e8rent \u00e0 un syst\u00e8me traditionnel dont le socle est la relation saine et respectueuse envers les autres cr\u00e9atures de la Terre-M\u00e8re.\" \/>\n<meta name=\"robots\" content=\"index, follow, max-snippet:-1, max-image-preview:large, max-video-preview:-1\" \/>\n<link rel=\"canonical\" href=\"https:\/\/indigenousoutfitters.ca\/fr\/connexion-a-la-nature\/\" \/>\n<meta property=\"og:locale\" content=\"fr_FR\" \/>\n<meta property=\"og:type\" content=\"article\" \/>\n<meta property=\"og:title\" content=\"Au rythme naturel de la chasse et p\u00eache | Indigenous Outfitters Canada\" \/>\n<meta property=\"og:description\" content=\"Les premiers peuples adh\u00e8rent \u00e0 un syst\u00e8me traditionnel dont le socle est la relation saine et respectueuse envers les autres cr\u00e9atures de la Terre-M\u00e8re.\" \/>\n<meta property=\"og:url\" content=\"https:\/\/indigenousoutfitters.ca\/fr\/connexion-a-la-nature\/\" \/>\n<meta property=\"og:site_name\" content=\"Indigenous Outfitters Canada\" \/>\n<meta property=\"article:modified_time\" content=\"2020-06-30T23:18:09+00:00\" \/>\n<meta property=\"og:image\" content=\"https:\/\/indigenousoutfitters.ca\/wp-content\/uploads\/2020\/06\/DSCF0376-34-e1593558965637.jpg\" \/>\n\t<meta property=\"og:image:width\" content=\"1280\" \/>\n\t<meta property=\"og:image:height\" content=\"1280\" \/>\n\t<meta property=\"og:image:type\" content=\"image\/jpeg\" \/>\n<meta name=\"twitter:card\" content=\"summary_large_image\" \/>\n<script type=\"application\/ld+json\" class=\"yoast-schema-graph\">{\"@context\":\"https:\/\/schema.org\",\"@graph\":[{\"@type\":\"WebPage\",\"@id\":\"https:\/\/indigenousoutfitters.ca\/fr\/connexion-a-la-nature\/\",\"url\":\"https:\/\/indigenousoutfitters.ca\/fr\/connexion-a-la-nature\/\",\"name\":\"Au rythme naturel de la chasse et p\u00eache | Indigenous Outfitters Canada\",\"isPartOf\":{\"@id\":\"https:\/\/indigenousoutfitters.ca\/fr\/#website\"},\"datePublished\":\"2020-01-15T08:18:19+00:00\",\"dateModified\":\"2020-06-30T23:18:09+00:00\",\"description\":\"Les premiers peuples adh\u00e8rent \u00e0 un syst\u00e8me traditionnel dont le socle est la relation saine et respectueuse envers les autres cr\u00e9atures de la Terre-M\u00e8re.\",\"breadcrumb\":{\"@id\":\"https:\/\/indigenousoutfitters.ca\/fr\/connexion-a-la-nature\/#breadcrumb\"},\"inLanguage\":\"fr-FR\",\"potentialAction\":[{\"@type\":\"ReadAction\",\"target\":[\"https:\/\/indigenousoutfitters.ca\/fr\/connexion-a-la-nature\/\"]}]},{\"@type\":\"BreadcrumbList\",\"@id\":\"https:\/\/indigenousoutfitters.ca\/fr\/connexion-a-la-nature\/#breadcrumb\",\"itemListElement\":[{\"@type\":\"ListItem\",\"position\":1,\"name\":\"Home\",\"item\":\"https:\/\/indigenousoutfitters.ca\/fr\/\"},{\"@type\":\"ListItem\",\"position\":2,\"name\":\"Au rythme naturel de la chasse et p\u00eache\"}]},{\"@type\":\"WebSite\",\"@id\":\"https:\/\/indigenousoutfitters.ca\/fr\/#website\",\"url\":\"https:\/\/indigenousoutfitters.ca\/fr\/\",\"name\":\"Indigenous Outfitters Canada\",\"description\":\"Indigenous outfitters from across Canada\",\"publisher\":{\"@id\":\"https:\/\/indigenousoutfitters.ca\/fr\/#organization\"},\"potentialAction\":[{\"@type\":\"SearchAction\",\"target\":{\"@type\":\"EntryPoint\",\"urlTemplate\":\"https:\/\/indigenousoutfitters.ca\/fr\/?s={search_term_string}\"},\"query-input\":\"required name=search_term_string\"}],\"inLanguage\":\"fr-FR\"},{\"@type\":\"Organization\",\"@id\":\"https:\/\/indigenousoutfitters.ca\/fr\/#organization\",\"name\":\"Indigenous Outfitters\",\"url\":\"https:\/\/indigenousoutfitters.ca\/fr\/\",\"logo\":{\"@type\":\"ImageObject\",\"inLanguage\":\"fr-FR\",\"@id\":\"https:\/\/indigenousoutfitters.ca\/fr\/#\/schema\/logo\/image\/\",\"url\":\"https:\/\/indigenousoutfitters.ca\/wp-content\/uploads\/2023\/07\/indigenousoutfitters-di-logo-navbar-fr@2x.png\",\"contentUrl\":\"https:\/\/indigenousoutfitters.ca\/wp-content\/uploads\/2023\/07\/indigenousoutfitters-di-logo-navbar-fr@2x.png\",\"width\":2040,\"height\":128,\"caption\":\"Indigenous Outfitters\"},\"image\":{\"@id\":\"https:\/\/indigenousoutfitters.ca\/fr\/#\/schema\/logo\/image\/\"}}]}<\/script>\n<!-- \/ Yoast SEO plugin. -->","yoast_head_json":{"title":"Au rythme naturel de la chasse et p\u00eache | Indigenous Outfitters Canada","description":"Les premiers peuples adh\u00e8rent \u00e0 un syst\u00e8me traditionnel dont le socle est la relation saine et respectueuse envers les autres cr\u00e9atures de la Terre-M\u00e8re.","robots":{"index":"index","follow":"follow","max-snippet":"max-snippet:-1","max-image-preview":"max-image-preview:large","max-video-preview":"max-video-preview:-1"},"canonical":"https:\/\/indigenousoutfitters.ca\/fr\/connexion-a-la-nature\/","og_locale":"fr_FR","og_type":"article","og_title":"Au rythme naturel de la chasse et p\u00eache | Indigenous Outfitters Canada","og_description":"Les premiers peuples adh\u00e8rent \u00e0 un syst\u00e8me traditionnel dont le socle est la relation saine et respectueuse envers les autres cr\u00e9atures de la Terre-M\u00e8re.","og_url":"https:\/\/indigenousoutfitters.ca\/fr\/connexion-a-la-nature\/","og_site_name":"Indigenous Outfitters Canada","article_modified_time":"2020-06-30T23:18:09+00:00","og_image":[{"width":1280,"height":1280,"url":"https:\/\/indigenousoutfitters.ca\/wp-content\/uploads\/2020\/06\/DSCF0376-34-e1593558965637.jpg","type":"image\/jpeg"}],"twitter_card":"summary_large_image","schema":{"@context":"https:\/\/schema.org","@graph":[{"@type":"WebPage","@id":"https:\/\/indigenousoutfitters.ca\/fr\/connexion-a-la-nature\/","url":"https:\/\/indigenousoutfitters.ca\/fr\/connexion-a-la-nature\/","name":"Au rythme naturel de la chasse et p\u00eache | Indigenous Outfitters Canada","isPartOf":{"@id":"https:\/\/indigenousoutfitters.ca\/fr\/#website"},"datePublished":"2020-01-15T08:18:19+00:00","dateModified":"2020-06-30T23:18:09+00:00","description":"Les premiers peuples adh\u00e8rent \u00e0 un syst\u00e8me traditionnel dont le socle est la relation saine et respectueuse envers les autres cr\u00e9atures de la Terre-M\u00e8re.","breadcrumb":{"@id":"https:\/\/indigenousoutfitters.ca\/fr\/connexion-a-la-nature\/#breadcrumb"},"inLanguage":"fr-FR","potentialAction":[{"@type":"ReadAction","target":["https:\/\/indigenousoutfitters.ca\/fr\/connexion-a-la-nature\/"]}]},{"@type":"BreadcrumbList","@id":"https:\/\/indigenousoutfitters.ca\/fr\/connexion-a-la-nature\/#breadcrumb","itemListElement":[{"@type":"ListItem","position":1,"name":"Home","item":"https:\/\/indigenousoutfitters.ca\/fr\/"},{"@type":"ListItem","position":2,"name":"Au rythme naturel de la chasse et p\u00eache"}]},{"@type":"WebSite","@id":"https:\/\/indigenousoutfitters.ca\/fr\/#website","url":"https:\/\/indigenousoutfitters.ca\/fr\/","name":"Indigenous Outfitters Canada","description":"Indigenous outfitters from across Canada","publisher":{"@id":"https:\/\/indigenousoutfitters.ca\/fr\/#organization"},"potentialAction":[{"@type":"SearchAction","target":{"@type":"EntryPoint","urlTemplate":"https:\/\/indigenousoutfitters.ca\/fr\/?s={search_term_string}"},"query-input":"required name=search_term_string"}],"inLanguage":"fr-FR"},{"@type":"Organization","@id":"https:\/\/indigenousoutfitters.ca\/fr\/#organization","name":"Indigenous Outfitters","url":"https:\/\/indigenousoutfitters.ca\/fr\/","logo":{"@type":"ImageObject","inLanguage":"fr-FR","@id":"https:\/\/indigenousoutfitters.ca\/fr\/#\/schema\/logo\/image\/","url":"https:\/\/indigenousoutfitters.ca\/wp-content\/uploads\/2023\/07\/indigenousoutfitters-di-logo-navbar-fr@2x.png","contentUrl":"https:\/\/indigenousoutfitters.ca\/wp-content\/uploads\/2023\/07\/indigenousoutfitters-di-logo-navbar-fr@2x.png","width":2040,"height":128,"caption":"Indigenous Outfitters"},"image":{"@id":"https:\/\/indigenousoutfitters.ca\/fr\/#\/schema\/logo\/image\/"}}]}},"_links":{"self":[{"href":"https:\/\/indigenousoutfitters.ca\/fr\/wp-json\/wp\/v2\/pages\/6081"}],"collection":[{"href":"https:\/\/indigenousoutfitters.ca\/fr\/wp-json\/wp\/v2\/pages"}],"about":[{"href":"https:\/\/indigenousoutfitters.ca\/fr\/wp-json\/wp\/v2\/types\/page"}],"author":[{"embeddable":true,"href":"https:\/\/indigenousoutfitters.ca\/fr\/wp-json\/wp\/v2\/users\/20"}],"replies":[{"embeddable":true,"href":"https:\/\/indigenousoutfitters.ca\/fr\/wp-json\/wp\/v2\/comments?post=6081"}],"version-history":[{"count":0,"href":"https:\/\/indigenousoutfitters.ca\/fr\/wp-json\/wp\/v2\/pages\/6081\/revisions"}],"wp:featuredmedia":[{"embeddable":true,"href":"https:\/\/indigenousoutfitters.ca\/fr\/wp-json\/wp\/v2\/media\/7968"}],"wp:attachment":[{"href":"https:\/\/indigenousoutfitters.ca\/fr\/wp-json\/wp\/v2\/media?parent=6081"}],"wp:term":[{"taxonomy":"category","embeddable":true,"href":"https:\/\/indigenousoutfitters.ca\/fr\/wp-json\/wp\/v2\/categories?post=6081"},{"taxonomy":"post_tag","embeddable":true,"href":"https:\/\/indigenousoutfitters.ca\/fr\/wp-json\/wp\/v2\/tags?post=6081"}],"curies":[{"name":"wp","href":"https:\/\/api.w.org\/{rel}","templated":true}]}}